{"id":362700,"date":"2024-11-25T09:51:58","date_gmt":"2024-11-25T08:51:58","guid":{"rendered":"https:\/\/kitcini.com\/?post_type=product&#038;p=362700"},"modified":"2024-12-03T10:47:52","modified_gmt":"2024-12-03T09:47:52","slug":"masque-kaolin-farine-riz","status":"publish","type":"product","link":"https:\/\/kitcini.com\/en\/product\/masque-kaolin-farine-riz\/","title":{"rendered":"Red Kaolin and Rice Flour Mask"},"content":{"rendered":"<h4>RED KAOLIN MASK and Rice Flour: REGENERATING and REPAIRING<\/h4>\n<p>Offers a true moment of self-care. Rich, silky, and exquisitely soft, its formula provides a soothing and hydrating ritual for radiant, revitalized skin.<\/p>\n<h4>BENEFITS<\/h4>\n<p>Infused with natural regenerating and repairing actives, the KITCINI Beauty Mask offers a true ritual of relaxation and revitalization. Thanks to the synergy of red kaolin clay, known for its purifying and oxygenating properties, rice flour for its soothing benefits, and badame exfoliating granules, it reveals a radiant, rested, and visibly firmer skin from the very first application.<\/p>\n<h4>RESULTS<\/h4>\n<p>Evaluation conducted on 25 women immediately after applying the mask.<\/p>\n<ul>\n<li>Intense hydration : +59%<\/li>\n<li>Enhanced radiance : +34%<\/li>\n<li>Increased suppleness : +23%<\/li>\n<li>Improved softness : +25%<\/li>\n<\/ul>\n<p>After use, the skin is instantly plumped, more radiant, and softer, with a visibly refined texture.<\/p>\n<h4>KEY INGREDIENTS<\/h4>\n<p>The regenerative power of the KITCINI Mask draws its essence from red clay and rice flour subtly scented with jasmine. A true botanical gem, this rice with its unique properties addresses both signs of aging and imperfections. Refined by La Maison KITCINI, this precious formula gives rise to a regenerating and repairing quintessence:\u00a0Terminalia.\n\nBadame oil, with its deeply nourishing virtues, envelops the skin in soothing softness, revealing a radiant and comforted complexion.<\/p>\n<p>Badames oil, with its deeply nourishing properties, envelops the skin in soothing softness, revealing a sublime and comforted complexion.<\/p>","protected":false},"excerpt":{"rendered":"<p>MASQUE KAOLIN ROUGE &amp; Farine de Riz\u00a0: R\u00c9G\u00c9N\u00c9RANT &amp; R\u00c9PARATEUR Propose une v\u00e9ritable parenth\u00e8se de soin. Onctueux, soyeux, et d&rsquo;une douceur exquise, sa formule procure un rituel apaisant et hydratant pour une peau lumineuse et revitalis\u00e9e. B\u00c9N\u00c9FICES Impr\u00e9gn\u00e9 d&rsquo;actifs naturels r\u00e9g\u00e9n\u00e9rants et r\u00e9parateurs, le Masque de beaut\u00e9 KITCINI offre un v\u00e9ritable rituel de d\u00e9tente et [&hellip;]<\/p>\n","protected":false},"featured_media":362708,"comment_status":"open","ping_status":"closed","template":"","meta":{"_acf_changed":false,"_seopress_robots_primary_cat":"none","_seopress_titles_title":"Masque Kaolin rouge & Farine de riz - Kitcini","_seopress_titles_desc":"V\u00e9ritable parenth\u00e8se de soins. Onctueux, soyeux et d'une douceur exquise, sa formule procure un rituel apaisant et hydratant pour une peau lumineuse et revitalis\u00e9e.","_seopress_robots_index":""},"product_brand":[],"product_cat":[107],"product_tag":[108],"class_list":{"0":"post-362700","1":"product","2":"type-product","3":"status-publish","4":"has-post-thumbnail","6":"product_cat-collection-lueur-confiance","7":"product_tag-produit-beaute","9":"first","10":"instock","11":"featured","12":"shipping-taxable","13":"purchasable","14":"product-type-simple"},"acf":[],"_links":{"self":[{"href":"https:\/\/kitcini.com\/en\/wp-json\/wp\/v2\/product\/362700","targetHints":{"allow":["GET"]}}],"collection":[{"href":"https:\/\/kitcini.com\/en\/wp-json\/wp\/v2\/product"}],"about":[{"href":"https:\/\/kitcini.com\/en\/wp-json\/wp\/v2\/types\/product"}],"replies":[{"embeddable":true,"href":"https:\/\/kitcini.com\/en\/wp-json\/wp\/v2\/comments?post=362700"}],"version-history":[{"count":2,"href":"https:\/\/kitcini.com\/en\/wp-json\/wp\/v2\/product\/362700\/revisions"}],"predecessor-version":[{"id":362702,"href":"https:\/\/kitcini.com\/en\/wp-json\/wp\/v2\/product\/362700\/revisions\/362702"}],"wp:featuredmedia":[{"embeddable":true,"href":"https:\/\/kitcini.com\/en\/wp-json\/wp\/v2\/media\/362708"}],"wp:attachment":[{"href":"https:\/\/kitcini.com\/en\/wp-json\/wp\/v2\/media?parent=362700"}],"wp:term":[{"taxonomy":"product_brand","embeddable":true,"href":"https:\/\/kitcini.com\/en\/wp-json\/wp\/v2\/product_brand?post=362700"},{"taxonomy":"product_cat","embeddable":true,"href":"https:\/\/kitcini.com\/en\/wp-json\/wp\/v2\/product_cat?post=362700"},{"taxonomy":"product_tag","embeddable":true,"href":"https:\/\/kitcini.com\/en\/wp-json\/wp\/v2\/product_tag?post=362700"}],"curies":[{"name":"wp","href":"https:\/\/api.w.org\/{rel}","templated":true}]}}