{"id":71237,"date":"2023-12-11T15:25:50","date_gmt":"2023-12-11T14:25:50","guid":{"rendered":"https:\/\/kitcini.com\/?page_id=71237"},"modified":"2024-11-19T11:49:01","modified_gmt":"2024-11-19T10:49:01","slug":"nos-services","status":"publish","type":"page","link":"https:\/\/kitcini.com\/en\/nos-services\/","title":{"rendered":"Services +"},"content":{"rendered":"<div data-elementor-type=\"wp-page\" data-elementor-id=\"71237\" class=\"elementor elementor-71237\" data-elementor-post-type=\"page\">\n\t\t\t\t<div class=\"elementor-element elementor-element-9edabbf e-flex e-con-boxed e-con e-parent\" data-id=\"9edabbf\" data-element_type=\"container\" data-e-type=\"container\">\n\t\t\t\t\t<div class=\"e-con-inner\">\n\t\t<div class=\"elementor-element elementor-element-79ca824 e-con-full e-flex e-con e-child\" data-id=\"79ca824\" data-element_type=\"container\" data-e-type=\"container\">\n\t\t\t\t<div class=\"elementor-element elementor-element-61d3705 elementor-widget__width-initial elementor-widget elementor-widget-image\" data-id=\"61d3705\" data-element_type=\"widget\" data-e-type=\"widget\" data-widget_type=\"image.default\">\n\t\t\t\t<div class=\"elementor-widget-container\">\n\t\t\t\t\t\t\t\t\t\t\t\t\t\t\t<img fetchpriority=\"high\" decoding=\"async\" width=\"1600\" height=\"1600\" src=\"https:\/\/kitcini.com\/wp-content\/uploads\/2024\/01\/Emballage-badame-st-valentin.jpg\" class=\"attachment-full size-full wp-image-361485\" alt=\"\" srcset=\"https:\/\/kitcini.com\/wp-content\/uploads\/2024\/01\/Emballage-badame-st-valentin.jpg 1600w, https:\/\/kitcini.com\/wp-content\/uploads\/2024\/01\/Emballage-badame-st-valentin-300x300.jpg 300w, https:\/\/kitcini.com\/wp-content\/uploads\/2024\/01\/Emballage-badame-st-valentin-100x100.jpg 100w, https:\/\/kitcini.com\/wp-content\/uploads\/2024\/01\/Emballage-badame-st-valentin-1000x1000.jpg 1000w, https:\/\/kitcini.com\/wp-content\/uploads\/2024\/01\/Emballage-badame-st-valentin-1024x1024.jpg 1024w, https:\/\/kitcini.com\/wp-content\/uploads\/2024\/01\/Emballage-badame-st-valentin-150x150.jpg 150w, https:\/\/kitcini.com\/wp-content\/uploads\/2024\/01\/Emballage-badame-st-valentin-768x768.jpg 768w, https:\/\/kitcini.com\/wp-content\/uploads\/2024\/01\/Emballage-badame-st-valentin-1536x1536.jpg 1536w, https:\/\/kitcini.com\/wp-content\/uploads\/2024\/01\/Emballage-badame-st-valentin-1080x1080.jpg 1080w, https:\/\/kitcini.com\/wp-content\/uploads\/2024\/01\/Emballage-badame-st-valentin-1280x1280.jpg 1280w, https:\/\/kitcini.com\/wp-content\/uploads\/2024\/01\/Emballage-badame-st-valentin-980x980.jpg 980w, https:\/\/kitcini.com\/wp-content\/uploads\/2024\/01\/Emballage-badame-st-valentin-480x480.jpg 480w\" sizes=\"(max-width: 1600px) 100vw, 1600px\" \/>\t\t\t\t\t\t\t\t\t\t\t\t\t\t\t<\/div>\n\t\t\t\t<\/div>\n\t\t\t\t<div class=\"elementor-element elementor-element-72b5f60 elementor-widget elementor-widget-heading\" data-id=\"72b5f60\" data-element_type=\"widget\" data-e-type=\"widget\" data-widget_type=\"heading.default\">\n\t\t\t\t<div class=\"elementor-widget-container\">\n\t\t\t\t\t<h2 class=\"elementor-heading-title elementor-size-default\">BUSINESS GIFTS<\/h2>\t\t\t\t<\/div>\n\t\t\t\t<\/div>\n\t\t\t\t<div class=\"elementor-element elementor-element-7d0b1b4 elementor-widget__width-initial elementor-widget elementor-widget-text-editor\" data-id=\"7d0b1b4\" data-element_type=\"widget\" data-e-type=\"widget\" data-widget_type=\"text-editor.default\">\n\t\t\t\t<div class=\"elementor-widget-container\">\n\t\t\t\t\t\t\t\t\t<p>Badame, dried fruit and all the ingenuity of KITCINI are revealed in colourful gift boxes, offering the opportunity to share the whole world of the House through a refined present.<\/p><p>It\u2019s the perfect opportunity to spoil an elite with an exclusive moment of delight. We deliver these gustatory treasures in France and throughout Europe.<\/p>\t\t\t\t\t\t\t\t<\/div>\n\t\t\t\t<\/div>\n\t\t\t\t<\/div>\n\t\t<div class=\"elementor-element elementor-element-0eec244 e-con-full e-flex e-con e-child\" data-id=\"0eec244\" data-element_type=\"container\" data-e-type=\"container\">\n\t\t\t\t<div class=\"elementor-element elementor-element-2ad4b6e elementor-widget__width-initial elementor-widget elementor-widget-image\" data-id=\"2ad4b6e\" data-element_type=\"widget\" data-e-type=\"widget\" data-widget_type=\"image.default\">\n\t\t\t\t<div class=\"elementor-widget-container\">\n\t\t\t\t\t\t\t\t\t\t\t\t\t\t\t<img decoding=\"async\" width=\"1600\" height=\"1600\" src=\"https:\/\/kitcini.com\/wp-content\/uploads\/2024\/04\/badame-macadamia-sel-guerande.webp\" class=\"attachment-full size-full wp-image-361688\" alt=\"\" srcset=\"https:\/\/kitcini.com\/wp-content\/uploads\/2024\/04\/badame-macadamia-sel-guerande.webp 1600w, https:\/\/kitcini.com\/wp-content\/uploads\/2024\/04\/badame-macadamia-sel-guerande-300x300.webp 300w, https:\/\/kitcini.com\/wp-content\/uploads\/2024\/04\/badame-macadamia-sel-guerande-100x100.webp 100w, https:\/\/kitcini.com\/wp-content\/uploads\/2024\/04\/badame-macadamia-sel-guerande-1000x1000.webp 1000w, https:\/\/kitcini.com\/wp-content\/uploads\/2024\/04\/badame-macadamia-sel-guerande-1024x1024.webp 1024w, https:\/\/kitcini.com\/wp-content\/uploads\/2024\/04\/badame-macadamia-sel-guerande-150x150.webp 150w, https:\/\/kitcini.com\/wp-content\/uploads\/2024\/04\/badame-macadamia-sel-guerande-768x768.webp 768w, https:\/\/kitcini.com\/wp-content\/uploads\/2024\/04\/badame-macadamia-sel-guerande-1536x1536.webp 1536w, https:\/\/kitcini.com\/wp-content\/uploads\/2024\/04\/badame-macadamia-sel-guerande-1080x1080.webp 1080w, https:\/\/kitcini.com\/wp-content\/uploads\/2024\/04\/badame-macadamia-sel-guerande-1280x1280.webp 1280w, https:\/\/kitcini.com\/wp-content\/uploads\/2024\/04\/badame-macadamia-sel-guerande-980x980.webp 980w, https:\/\/kitcini.com\/wp-content\/uploads\/2024\/04\/badame-macadamia-sel-guerande-480x480.webp 480w\" sizes=\"(max-width: 1600px) 100vw, 1600px\" \/>\t\t\t\t\t\t\t\t\t\t\t\t\t\t\t<\/div>\n\t\t\t\t<\/div>\n\t\t\t\t<div class=\"elementor-element elementor-element-1bfbac7 elementor-widget elementor-widget-heading\" data-id=\"1bfbac7\" data-element_type=\"widget\" data-e-type=\"widget\" data-widget_type=\"heading.default\">\n\t\t\t\t<div class=\"elementor-widget-container\">\n\t\t\t\t\t<h2 class=\"elementor-heading-title elementor-size-default\">Customization<\/h2>\t\t\t\t<\/div>\n\t\t\t\t<\/div>\n\t\t\t\t<div class=\"elementor-element elementor-element-7fef949 elementor-widget__width-initial elementor-widget elementor-widget-text-editor\" data-id=\"7fef949\" data-element_type=\"widget\" data-e-type=\"widget\" data-widget_type=\"text-editor.default\">\n\t\t\t\t<div class=\"elementor-widget-container\">\n\t\t\t\t\t\t\t\t\t<p>Give the gift of exceptional Badames and dried fruit, reflecting the unique character of your company. With shades of colour, assortments of flavours or even your logo printed on them, we can create delights that reflect your image.<\/p><p>Presented in \u201cSignature\u201d or made-to-measure boxes, these delicacies can be accompanied by a personalised message, as you wish.<\/p>\t\t\t\t\t\t\t\t<\/div>\n\t\t\t\t<\/div>\n\t\t\t\t<\/div>\n\t\t<div class=\"elementor-element elementor-element-901f360 e-con-full e-flex e-con e-child\" data-id=\"901f360\" data-element_type=\"container\" data-e-type=\"container\" data-settings=\"{&quot;background_background&quot;:&quot;classic&quot;}\">\n\t\t\t\t<div class=\"elementor-element elementor-element-2688aad elementor-widget elementor-widget-heading\" data-id=\"2688aad\" data-element_type=\"widget\" data-e-type=\"widget\" data-widget_type=\"heading.default\">\n\t\t\t\t<div class=\"elementor-widget-container\">\n\t\t\t\t\t<h2 class=\"elementor-heading-title elementor-size-default\">Offer an exceptional gift to your employees! <\/h2>\t\t\t\t<\/div>\n\t\t\t\t<\/div>\n\t\t\t\t<div class=\"elementor-element elementor-element-7bd4b2a elementor-widget elementor-widget-text-editor\" data-id=\"7bd4b2a\" data-element_type=\"widget\" data-e-type=\"widget\" data-widget_type=\"text-editor.default\">\n\t\t\t\t<div class=\"elementor-widget-container\">\n\t\t\t\t\t\t\t\t\tOur premium almonds are the perfect gift to strengthen your business relationships. \nOrder now and make a difference with your partners!\t\t\t\t\t\t\t\t<\/div>\n\t\t\t\t<\/div>\n\t\t\t\t<div class=\"elementor-element elementor-element-099fe4d elementor-align-center elementor-widget elementor-widget-button\" data-id=\"099fe4d\" data-element_type=\"widget\" data-e-type=\"widget\" data-widget_type=\"button.default\">\n\t\t\t\t<div class=\"elementor-widget-container\">\n\t\t\t\t\t\t\t\t\t<div class=\"elementor-button-wrapper\">\n\t\t\t\t\t<a class=\"elementor-button elementor-button-link elementor-size-sm\" href=\"https:\/\/kitcini.com\/en\/demande-de-devis\/\">\n\t\t\t\t\t\t<span class=\"elementor-button-content-wrapper\">\n\t\t\t\t\t\t\t\t\t<span class=\"elementor-button-text\">Request a quote<\/span>\n\t\t\t\t\t<\/span>\n\t\t\t\t\t<\/a>\n\t\t\t\t<\/div>\n\t\t\t\t\t\t\t\t<\/div>\n\t\t\t\t<\/div>\n\t\t\t\t<\/div>\n\t\t\t\t\t<\/div>\n\t\t\t\t<\/div>\n\t\t\t\t<\/div>","protected":false},"excerpt":{"rendered":"<p>CADEAUX D&rsquo;AFFAIRES La Badame, les fruits secs et toute l\u2019ing\u00e9niosit\u00e9 de KITCINI se r\u00e9v\u00e8lent dans des coffrets aux couleurs chatoyantes, offrant l\u2019opportunit\u00e9 de partager l\u2019ensemble de l\u2019univers de la Maison \u00e0 travers un pr\u00e9sent raffin\u00e9. C\u2019est l\u2019occasion parfaite de g\u00e2ter une \u00e9lite avec un instant de d\u00e9lectation exclusif. Nous assurons la livraison de ces tr\u00e9sors [&hellip;]<\/p>\n","protected":false},"author":1,"featured_media":0,"parent":0,"menu_order":0,"comment_status":"closed","ping_status":"closed","template":"","meta":{"_acf_changed":false,"_seopress_robots_primary_cat":"","_seopress_titles_title":"Les Services de Kit\/Cini","_seopress_titles_desc":"La Badame, les fruits secs et toute l\u2019ing\u00e9niosit\u00e9 de KITCINI se r\u00e9v\u00e8lent dans des coffrets aux couleurs chatoyantes \u00e0 travers un pr\u00e9sent raffin\u00e9.","_seopress_robots_index":"","footnotes":""},"class_list":["post-71237","page","type-page","status-publish"],"acf":[],"_links":{"self":[{"href":"https:\/\/kitcini.com\/en\/wp-json\/wp\/v2\/pages\/71237","targetHints":{"allow":["GET"]}}],"collection":[{"href":"https:\/\/kitcini.com\/en\/wp-json\/wp\/v2\/pages"}],"about":[{"href":"https:\/\/kitcini.com\/en\/wp-json\/wp\/v2\/types\/page"}],"author":[{"embeddable":true,"href":"https:\/\/kitcini.com\/en\/wp-json\/wp\/v2\/users\/1"}],"replies":[{"embeddable":true,"href":"https:\/\/kitcini.com\/en\/wp-json\/wp\/v2\/comments?post=71237"}],"version-history":[{"count":2,"href":"https:\/\/kitcini.com\/en\/wp-json\/wp\/v2\/pages\/71237\/revisions"}],"predecessor-version":[{"id":362680,"href":"https:\/\/kitcini.com\/en\/wp-json\/wp\/v2\/pages\/71237\/revisions\/362680"}],"wp:attachment":[{"href":"https:\/\/kitcini.com\/en\/wp-json\/wp\/v2\/media?parent=71237"}],"curies":[{"name":"wp","href":"https:\/\/api.w.org\/{rel}","templated":true}]}}