{"id":71222,"date":"2023-12-11T14:48:44","date_gmt":"2023-12-11T13:48:44","guid":{"rendered":"https:\/\/kitcini.com\/?page_id=71222"},"modified":"2024-09-26T13:38:49","modified_gmt":"2024-09-26T11:38:49","slug":"politique-des-donnees-personnelles","status":"publish","type":"page","link":"https:\/\/kitcini.com\/en\/politique-des-donnees-personnelles\/","title":{"rendered":"Politique des donn\u00e9es personnelles"},"content":{"rendered":"\t\t<div data-elementor-type=\"wp-page\" data-elementor-id=\"71222\" class=\"elementor elementor-71222\" data-elementor-post-type=\"page\">\n\t\t\t\t<div class=\"elementor-element elementor-element-b7e93a4 e-con-full e-flex e-con e-parent\" data-id=\"b7e93a4\" data-element_type=\"container\" data-e-type=\"container\" data-settings=\"{&quot;background_background&quot;:&quot;classic&quot;}\">\n\t\t<div class=\"elementor-element elementor-element-11894d0 e-con-full e-flex e-con e-child\" data-id=\"11894d0\" data-element_type=\"container\" data-e-type=\"container\" data-settings=\"{&quot;background_background&quot;:&quot;classic&quot;,&quot;sticky&quot;:&quot;top&quot;,&quot;sticky_on&quot;:[&quot;desktop&quot;,&quot;laptop&quot;,&quot;tablet_extra&quot;],&quot;sticky_offset&quot;:30,&quot;sticky_parent&quot;:&quot;yes&quot;,&quot;sticky_offset_tablet&quot;:0,&quot;sticky_offset_mobile&quot;:0,&quot;sticky_effects_offset&quot;:0,&quot;sticky_anchor_link_offset&quot;:0}\">\n\t\t\t\t<div class=\"elementor-element elementor-element-89496c5 elementor-widget elementor-widget-table-of-contents\" data-id=\"89496c5\" data-element_type=\"widget\" data-e-type=\"widget\" data-settings=\"{&quot;exclude_headings_by_selector&quot;:[],&quot;collapse_subitems&quot;:&quot;yes&quot;,&quot;marker_view&quot;:&quot;bullets&quot;,&quot;icon&quot;:{&quot;value&quot;:&quot;&quot;,&quot;library&quot;:&quot;&quot;},&quot;headings_by_tags&quot;:[&quot;h2&quot;],&quot;no_headings_message&quot;:&quot;No headings were found on this page.&quot;,&quot;hierarchical_view&quot;:&quot;yes&quot;,&quot;min_height&quot;:{&quot;unit&quot;:&quot;px&quot;,&quot;size&quot;:&quot;&quot;,&quot;sizes&quot;:[]},&quot;min_height_laptop&quot;:{&quot;unit&quot;:&quot;px&quot;,&quot;size&quot;:&quot;&quot;,&quot;sizes&quot;:[]},&quot;min_height_tablet_extra&quot;:{&quot;unit&quot;:&quot;px&quot;,&quot;size&quot;:&quot;&quot;,&quot;sizes&quot;:[]},&quot;min_height_tablet&quot;:{&quot;unit&quot;:&quot;px&quot;,&quot;size&quot;:&quot;&quot;,&quot;sizes&quot;:[]},&quot;min_height_mobile&quot;:{&quot;unit&quot;:&quot;px&quot;,&quot;size&quot;:&quot;&quot;,&quot;sizes&quot;:[]}}\" data-widget_type=\"table-of-contents.default\">\n\t\t\t\t<div class=\"elementor-widget-container\">\n\t\t\t\t\t\t\t\t\t<div class=\"elementor-toc__header\">\n\t\t\t\t\t\t<h2 class=\"elementor-toc__header-title\">\n\t\t\t\tTable des mati\u00e8res\t\t\t<\/h2>\n\t\t\t\t\t\t\t\t<\/div>\n\t\t\t\t<div id=\"elementor-toc__89496c5\" class=\"elementor-toc__body elementor-toc__list-items--collapsible\">\n\t\t\t<div class=\"elementor-toc__spinner-container\">\n\t\t\t\t<svg class=\"elementor-toc__spinner eicon-animation-spin e-font-icon-svg e-eicon-loading\" aria-hidden=\"true\" viewBox=\"0 0 1000 1000\" xmlns=\"http:\/\/www.w3.org\/2000\/svg\"><path d=\"M500 975V858C696 858 858 696 858 500S696 142 500 142 142 304 142 500H25C25 237 238 25 500 25S975 237 975 500 763 975 500 975Z\"><\/path><\/svg>\t\t\t<\/div>\n\t\t<\/div>\n\t\t\t\t\t\t<\/div>\n\t\t\t\t<\/div>\n\t\t\t\t<\/div>\n\t\t<div class=\"elementor-element elementor-element-da68588 e-con-full e-flex e-con e-child\" data-id=\"da68588\" data-element_type=\"container\" data-e-type=\"container\">\n\t\t\t\t<div class=\"elementor-element elementor-element-7309776 elementor-widget elementor-widget-text-editor\" data-id=\"7309776\" data-element_type=\"widget\" data-e-type=\"widget\" data-widget_type=\"text-editor.default\">\n\t\t\t\t<div class=\"elementor-widget-container\">\n\t\t\t\t\t\t\t\t\t<p>La demande de renseignements ou d\u2019un devis par un utilisateur suppose la collecte et le traitement d\u2019un certain nombre d\u2019informations personnelles et de donn\u00e9es n\u00e9cessaires \u00e0 la bonne utilisation des services propos\u00e9s par Kit\/Cini.<\/p><p>Kit\/Cini, en la personne de Rosset Muryell, s\u2019engage \u00e0 respecter la l\u00e9gislation en vigueur relative \u00e0 la protection de la vie priv\u00e9e dont les donn\u00e9es personnelles collect\u00e9es feront l\u2019objet.<\/p>\t\t\t\t\t\t\t\t<\/div>\n\t\t\t\t<\/div>\n\t\t\t\t<div class=\"elementor-element elementor-element-281fe88 elementor-widget elementor-widget-heading\" data-id=\"281fe88\" data-element_type=\"widget\" data-e-type=\"widget\" data-widget_type=\"heading.default\">\n\t\t\t\t<div class=\"elementor-widget-container\">\n\t\t\t\t\t<h2 class=\"elementor-heading-title elementor-size-default\">1. Informations collect\u00e9es<\/h2>\t\t\t\t<\/div>\n\t\t\t\t<\/div>\n\t\t\t\t<div class=\"elementor-element elementor-element-04c932b elementor-widget elementor-widget-text-editor\" data-id=\"04c932b\" data-element_type=\"widget\" data-e-type=\"widget\" data-widget_type=\"text-editor.default\">\n\t\t\t\t<div class=\"elementor-widget-container\">\n\t\t\t\t\t\t\t\t\t<p>Afin de renseigner au mieux l\u2019utilisateur sur nos services, Kit\/Cini recueille les informations suivantes par le formulaire de contact et le formulaire de Rendez-Vous de son site web.<\/p><ul><li>Nom<\/li><li>Pr\u00e9nom<\/li><li>E-mail<\/li><li>Adresse postale<\/li><li>T\u00e9l\u00e9phone<\/li><li>Nom de l&rsquo;entreprise et fonction au sein de l&rsquo;entreprise<\/li><\/ul>\t\t\t\t\t\t\t\t<\/div>\n\t\t\t\t<\/div>\n\t\t\t\t<div class=\"elementor-element elementor-element-4e68a0c elementor-widget elementor-widget-heading\" data-id=\"4e68a0c\" data-element_type=\"widget\" data-e-type=\"widget\" data-widget_type=\"heading.default\">\n\t\t\t\t<div class=\"elementor-widget-container\">\n\t\t\t\t\t<h2 class=\"elementor-heading-title elementor-size-default\">2. Utilisation des donn\u00e9es<\/h2>\t\t\t\t<\/div>\n\t\t\t\t<\/div>\n\t\t\t\t<div class=\"elementor-element elementor-element-cbe4010 elementor-widget elementor-widget-text-editor\" data-id=\"cbe4010\" data-element_type=\"widget\" data-e-type=\"widget\" data-widget_type=\"text-editor.default\">\n\t\t\t\t<div class=\"elementor-widget-container\">\n\t\t\t\t\t\t\t\t\t<p>Les donn\u00e9es r\u00e9colt\u00e9es serviront uniquement \u00e0:<\/p><ul style=\"padding: 1em;\"><li>Mettre l\u2019utilisateur en relation avec Kit\/Cini<\/li><li>Envoyer et facturer une commande \u00e0 l\u2019utilisateur<\/li><li>R\u00e9aliser le paiement d\u2019une commande<\/li><li>Permettre de r\u00e9aliser des statistiques concernant le site web<\/li><li>Proposer des offres promotionnelles\/marketing \u00e0 l\u2019utilisateur ayant donn\u00e9 son accord<\/li><\/ul><p>Les donn\u00e9es seront exploit\u00e9es durant 3 ans. Au-del\u00e0 de cette dur\u00e9e, elles seront conserv\u00e9es \u00e0 des fins exclusivement statistiques et ne donneront lieu \u00e0 aucune autre exploitation.<\/p>\t\t\t\t\t\t\t\t<\/div>\n\t\t\t\t<\/div>\n\t\t\t\t<div class=\"elementor-element elementor-element-32e3356 elementor-widget elementor-widget-heading\" data-id=\"32e3356\" data-element_type=\"widget\" data-e-type=\"widget\" data-widget_type=\"heading.default\">\n\t\t\t\t<div class=\"elementor-widget-container\">\n\t\t\t\t\t<h2 class=\"elementor-heading-title elementor-size-default\">3. S\u00e9curisation des donn\u00e9es<\/h2>\t\t\t\t<\/div>\n\t\t\t\t<\/div>\n\t\t\t\t<div class=\"elementor-element elementor-element-8415f6f elementor-widget elementor-widget-text-editor\" data-id=\"8415f6f\" data-element_type=\"widget\" data-e-type=\"widget\" data-widget_type=\"text-editor.default\">\n\t\t\t\t<div class=\"elementor-widget-container\">\n\t\t\t\t\t\t\t\t\tLes donn\u00e9es r\u00e9colt\u00e9es ne seront ni vendues, ni \u00e9chang\u00e9es avec quelque tiers que ce soit.\nPour s\u00e9curiser vos donn\u00e9es personnelles, Kit\/Cini utilise les mesures suivantes :\n<ul style=\"padding:1em\">\n \t<li>Logiciel de surveillance du r\u00e9seau<\/li>\n \t<li>Sauvegarde informatique<\/li>\n \t<li>D\u00e9veloppement de certificat num\u00e9rique<\/li>\n \t<li>Pare-feu (Firewalls)<\/li>\n<\/ul>\t\t\t\t\t\t\t\t<\/div>\n\t\t\t\t<\/div>\n\t\t\t\t<div class=\"elementor-element elementor-element-4a12bdf elementor-widget elementor-widget-heading\" data-id=\"4a12bdf\" data-element_type=\"widget\" data-e-type=\"widget\" data-widget_type=\"heading.default\">\n\t\t\t\t<div class=\"elementor-widget-container\">\n\t\t\t\t\t<h2 class=\"elementor-heading-title elementor-size-default\">4. Droit d\u2019acc\u00e8s aux donn\u00e9es<\/h2>\t\t\t\t<\/div>\n\t\t\t\t<\/div>\n\t\t\t\t<div class=\"elementor-element elementor-element-d01d243 elementor-widget elementor-widget-text-editor\" data-id=\"d01d243\" data-element_type=\"widget\" data-e-type=\"widget\" data-widget_type=\"text-editor.default\">\n\t\t\t\t<div class=\"elementor-widget-container\">\n\t\t\t\t\t\t\t\t\t<p>Conform\u00e9ment \u00e0 la loi informatique et libert\u00e9s du 6 janvier 1978, tout utilisateur du site dispose d\u2019un droit d\u2019acc\u00e8s, de rectification et d\u2019opposition aux donn\u00e9es personnelles le concernant, qu\u2019il peut exercer directement \u00e0 contact@kitcini.fr ou par courrier \u00e0:<\/p><p>Did\u2019s Design<br \/>20 Chemin des Patini\u00e8res<br \/>74100 V\u00e9traz-Monthoux, France.<\/p><p>Toute demande doit \u00eatre faite en joignant une copie d\u2019une pi\u00e8ce d\u2019identit\u00e9 en cours de validit\u00e9 ainsi que l\u2019adresse \u00e0 laquelle Kit\/Cini pourra contacter le demandeur. De plus, vous avez le droit d\u2019introduire une r\u00e9clamation aupr\u00e8s de la CNIL si vous en ressentez le besoin.<\/p>\t\t\t\t\t\t\t\t<\/div>\n\t\t\t\t<\/div>\n\t\t\t\t<div class=\"elementor-element elementor-element-ec3120e elementor-widget elementor-widget-heading\" data-id=\"ec3120e\" data-element_type=\"widget\" data-e-type=\"widget\" data-widget_type=\"heading.default\">\n\t\t\t\t<div class=\"elementor-widget-container\">\n\t\t\t\t\t<h2 class=\"elementor-heading-title elementor-size-default\">5. Liens hypertextes<\/h2>\t\t\t\t<\/div>\n\t\t\t\t<\/div>\n\t\t\t\t<div class=\"elementor-element elementor-element-ff05fd8 elementor-widget elementor-widget-text-editor\" data-id=\"ff05fd8\" data-element_type=\"widget\" data-e-type=\"widget\" data-widget_type=\"text-editor.default\">\n\t\t\t\t<div class=\"elementor-widget-container\">\n\t\t\t\t\t\t\t\t\t<p>Le site internet contient un certain nombre de liens hypertextes vers d\u2019autres sites. Ces liens sont fournis uniquement \u00e0 l\u2019utilisateur pour lui faciliter l\u2019utilisation des ressources disponibles sur Internet. Cependant, Kit\/Cini n\u2019a pas la possibilit\u00e9 de v\u00e9rifier le contenu des sites ainsi visit\u00e9s et n\u2019assumera en cons\u00e9quence aucune responsabilit\u00e9 de ce fait.<\/p>\t\t\t\t\t\t\t\t<\/div>\n\t\t\t\t<\/div>\n\t\t\t\t<div class=\"elementor-element elementor-element-ec8f4bf elementor-widget elementor-widget-heading\" data-id=\"ec8f4bf\" data-element_type=\"widget\" data-e-type=\"widget\" data-widget_type=\"heading.default\">\n\t\t\t\t<div class=\"elementor-widget-container\">\n\t\t\t\t\t<h2 class=\"elementor-heading-title elementor-size-default\">6. Cookies<\/h2>\t\t\t\t<\/div>\n\t\t\t\t<\/div>\n\t\t\t\t<div class=\"elementor-element elementor-element-a1390f6 elementor-widget elementor-widget-text-editor\" data-id=\"a1390f6\" data-element_type=\"widget\" data-e-type=\"widget\" data-widget_type=\"text-editor.default\">\n\t\t\t\t<div class=\"elementor-widget-container\">\n\t\t\t\t\t\t\t\t\t<p>La navigation sur le site web https:\/\/kitcini.com\/ est susceptible de provoquer l\u2019installation de cookie(s) sur l\u2019ordinateur de l\u2019utilisateur.<\/p><p>Un cookie est un fichier de petite taille, qui ne permet pas l\u2019identification de l\u2019utilisateur, mais qui enregistre des informations relatives \u00e0 la navigation d\u2019un ordinateur sur un site. Les donn\u00e9es ainsi obtenues visent \u00e0 faciliter la navigation ult\u00e9rieure sur le site, et ont \u00e9galement vocation \u00e0 permettre diverses mesures de fr\u00e9quentation.<\/p><p>Le refus d\u2019installation d\u2019un cookie peut entra\u00eener l\u2019impossibilit\u00e9 d\u2019acc\u00e9der \u00e0 certains services. L\u2019utilisateur peut toutefois configurer son ordinateur de la mani\u00e8re suivante, pour refuser l\u2019installation des cookies.<\/p>\t\t\t\t\t\t\t\t<\/div>\n\t\t\t\t<\/div>\n\t\t\t\t<div class=\"elementor-element elementor-element-ff8c4d8 elementor-widget elementor-widget-heading\" data-id=\"ff8c4d8\" data-element_type=\"widget\" data-e-type=\"widget\" data-widget_type=\"heading.default\">\n\t\t\t\t<div class=\"elementor-widget-container\">\n\t\t\t\t\t<h3 class=\"elementor-heading-title elementor-size-default\">6.1  Sous Internet Explorer<\/h3>\t\t\t\t<\/div>\n\t\t\t\t<\/div>\n\t\t\t\t<div class=\"elementor-element elementor-element-cd7dbc8 elementor-widget elementor-widget-text-editor\" data-id=\"cd7dbc8\" data-element_type=\"widget\" data-e-type=\"widget\" data-widget_type=\"text-editor.default\">\n\t\t\t\t<div class=\"elementor-widget-container\">\n\t\t\t\t\t\t\t\t\t<p>Onglet outil (pictogramme en forme de rouage en haut a droite) \/ options internet. Cliquez sur Confidentialit\u00e9 et choisissez Bloquer tous les cookies. Validez sur Ok.<\/p>\t\t\t\t\t\t\t\t<\/div>\n\t\t\t\t<\/div>\n\t\t\t\t<div class=\"elementor-element elementor-element-40ad5ee elementor-widget elementor-widget-heading\" data-id=\"40ad5ee\" data-element_type=\"widget\" data-e-type=\"widget\" data-widget_type=\"heading.default\">\n\t\t\t\t<div class=\"elementor-widget-container\">\n\t\t\t\t\t<h3 class=\"elementor-heading-title elementor-size-default\">6.2 Sous Firefox<\/h3>\t\t\t\t<\/div>\n\t\t\t\t<\/div>\n\t\t\t\t<div class=\"elementor-element elementor-element-bafe4c6 elementor-widget elementor-widget-text-editor\" data-id=\"bafe4c6\" data-element_type=\"widget\" data-e-type=\"widget\" data-widget_type=\"text-editor.default\">\n\t\t\t\t<div class=\"elementor-widget-container\">\n\t\t\t\t\t\t\t\t\t<p>En haut de la fen\u00eatre du navigateur, cliquez sur le bouton Firefox, puis allez dans l\u2019onglet Options. Cliquer sur l\u2019onglet Vie priv\u00e9e.<\/p><p>Param\u00e9trez les R\u00e8gles de conservation sur : utiliser les param\u00e8tres personnalis\u00e9s pour l\u2019historique. Enfin d\u00e9cochez-la pour d\u00e9sactiver les cookies.<\/p>\t\t\t\t\t\t\t\t<\/div>\n\t\t\t\t<\/div>\n\t\t\t\t<div class=\"elementor-element elementor-element-684b5b2 elementor-widget elementor-widget-heading\" data-id=\"684b5b2\" data-element_type=\"widget\" data-e-type=\"widget\" data-widget_type=\"heading.default\">\n\t\t\t\t<div class=\"elementor-widget-container\">\n\t\t\t\t\t<h3 class=\"elementor-heading-title elementor-size-default\">6.3 Sous Safari<\/h3>\t\t\t\t<\/div>\n\t\t\t\t<\/div>\n\t\t\t\t<div class=\"elementor-element elementor-element-17c34b8 elementor-widget elementor-widget-text-editor\" data-id=\"17c34b8\" data-element_type=\"widget\" data-e-type=\"widget\" data-widget_type=\"text-editor.default\">\n\t\t\t\t<div class=\"elementor-widget-container\">\n\t\t\t\t\t\t\t\t\t<p>Cliquez en haut \u00e0 droite du navigateur sur le pictogramme de menu (symbolis\u00e9 par un rouage). S\u00e9lectionnez Param\u00e8tres. Cliquez sur Afficher les param\u00e8tres avanc\u00e9s. Dans la section \u00ab Confidentialit\u00e9 \u00bb, cliquez sur Param\u00e8tres de contenu. Dans la section \u00ab Cookies \u00bb, vous pouvez bloquer les cookies.<\/p>\t\t\t\t\t\t\t\t<\/div>\n\t\t\t\t<\/div>\n\t\t\t\t<div class=\"elementor-element elementor-element-032fdcf elementor-widget elementor-widget-heading\" data-id=\"032fdcf\" data-element_type=\"widget\" data-e-type=\"widget\" data-widget_type=\"heading.default\">\n\t\t\t\t<div class=\"elementor-widget-container\">\n\t\t\t\t\t<h3 class=\"elementor-heading-title elementor-size-default\">6.4 Sous Chrome<\/h3>\t\t\t\t<\/div>\n\t\t\t\t<\/div>\n\t\t\t\t<div class=\"elementor-element elementor-element-f61861c elementor-widget elementor-widget-text-editor\" data-id=\"f61861c\" data-element_type=\"widget\" data-e-type=\"widget\" data-widget_type=\"text-editor.default\">\n\t\t\t\t<div class=\"elementor-widget-container\">\n\t\t\t\t\t\t\t\t\t<p>Cliquez en haut \u00e0 droite du navigateur sur le pictogramme de menu (symbolis\u00e9 par trois lignes horizontales). S\u00e9lectionnez Param\u00e8tres. Cliquez sur Afficher les param\u00e8tres avanc\u00e9s. Dans la section \u00ab Confidentialit\u00e9 \u00bb, cliquez sur pr\u00e9f\u00e9rences. Dans l\u2019onglet \u00ab Confidentialit\u00e9 \u00bb, vous pouvez bloquer les cookies.<\/p>\t\t\t\t\t\t\t\t<\/div>\n\t\t\t\t<\/div>\n\t\t\t\t<div class=\"elementor-element elementor-element-d65661e elementor-widget elementor-widget-heading\" data-id=\"d65661e\" data-element_type=\"widget\" data-e-type=\"widget\" data-widget_type=\"heading.default\">\n\t\t\t\t<div class=\"elementor-widget-container\">\n\t\t\t\t\t<h2 class=\"elementor-heading-title elementor-size-default\">7. Tags<\/h2>\t\t\t\t<\/div>\n\t\t\t\t<\/div>\n\t\t\t\t<div class=\"elementor-element elementor-element-b152c9a elementor-widget elementor-widget-text-editor\" data-id=\"b152c9a\" data-element_type=\"widget\" data-e-type=\"widget\" data-widget_type=\"text-editor.default\">\n\t\t\t\t<div class=\"elementor-widget-container\">\n\t\t\t\t\t\t\t\t\t<p>Kit\/Cini peut employer occasionnellement des balises Internet (\u00e9galement appel\u00e9es \u00ab tags \u00bb, ou balises d\u2019action, GIF \u00e0 un pixel, GIF transparents, GIF invisibles et GIF un \u00e0 un) et les d\u00e9ployer par l\u2019interm\u00e9diaire d\u2019un partenaire sp\u00e9cialiste d\u2019analyses Web susceptible de se trouver (et donc de stocker les informations correspondantes, y compris l\u2019adresse IP de l\u2019Utilisateur) dans un pays \u00e9tranger.<\/p><p>Ces balises sont plac\u00e9es sur les diff\u00e9rentes pages du site Kit\/Cini : Koko Analytics<\/p><p>Cette technologie permet \u00e0 Kit\/Cini d\u2019\u00e9valuer les r\u00e9ponses des visiteurs face au site et l\u2019efficacit\u00e9 de ses actions (par exemple, le nombre de fois o\u00f9 une page est ouverte et les informations consult\u00e9es), ainsi que l\u2019utilisation de ce site par l\u2019utilisateur.<\/p><p>Le prestataire externe pourra \u00e9ventuellement recueillir des informations sur les visiteurs du site et d\u2019autres sites Internet gr\u00e2ce \u00e0 ces balises, constituer des rapports sur l\u2019activit\u00e9 du site \u00e0 l\u2019attention de Kit\/Cini et fournir d\u2019autres services relatifs \u00e0 l\u2019utilisation de celui-ci et d\u2019Internet.<\/p>\t\t\t\t\t\t\t\t<\/div>\n\t\t\t\t<\/div>\n\t\t\t\t<\/div>\n\t\t\t\t<\/div>\n\t\t\t\t<\/div>\n\t\t","protected":false},"excerpt":{"rendered":"<p>Table des mati\u00e8res La demande de renseignements ou d\u2019un devis par un utilisateur suppose la collecte et le traitement d\u2019un certain nombre d\u2019informations personnelles et de donn\u00e9es n\u00e9cessaires \u00e0 la bonne utilisation des services propos\u00e9s par Kit\/Cini. Kit\/Cini, en la personne de Rosset Muryell, s\u2019engage \u00e0 respecter la l\u00e9gislation en vigueur relative \u00e0 la protection [&hellip;]<\/p>\n","protected":false},"author":1,"featured_media":0,"parent":0,"menu_order":0,"comment_status":"closed","ping_status":"closed","template":"","meta":{"_acf_changed":false,"_seopress_robots_primary_cat":"","_seopress_titles_title":"","_seopress_titles_desc":"","_seopress_robots_index":"yes","footnotes":""},"class_list":["post-71222","page","type-page","status-publish"],"acf":[],"_links":{"self":[{"href":"https:\/\/kitcini.com\/en\/wp-json\/wp\/v2\/pages\/71222","targetHints":{"allow":["GET"]}}],"collection":[{"href":"https:\/\/kitcini.com\/en\/wp-json\/wp\/v2\/pages"}],"about":[{"href":"https:\/\/kitcini.com\/en\/wp-json\/wp\/v2\/types\/page"}],"author":[{"embeddable":true,"href":"https:\/\/kitcini.com\/en\/wp-json\/wp\/v2\/users\/1"}],"replies":[{"embeddable":true,"href":"https:\/\/kitcini.com\/en\/wp-json\/wp\/v2\/comments?post=71222"}],"version-history":[{"count":2,"href":"https:\/\/kitcini.com\/en\/wp-json\/wp\/v2\/pages\/71222\/revisions"}],"predecessor-version":[{"id":362668,"href":"https:\/\/kitcini.com\/en\/wp-json\/wp\/v2\/pages\/71222\/revisions\/362668"}],"wp:attachment":[{"href":"https:\/\/kitcini.com\/en\/wp-json\/wp\/v2\/media?parent=71222"}],"curies":[{"name":"wp","href":"https:\/\/api.w.org\/{rel}","templated":true}]}}