{"id":71207,"date":"2023-12-11T14:25:31","date_gmt":"2023-12-11T13:25:31","guid":{"rendered":"https:\/\/kitcini.com\/?page_id=71207"},"modified":"2024-12-06T13:22:16","modified_gmt":"2024-12-06T12:22:16","slug":"mentions-legales","status":"publish","type":"page","link":"https:\/\/kitcini.com\/en\/mentions-legales\/","title":{"rendered":"Mentions L\u00e9gales"},"content":{"rendered":"<div data-elementor-type=\"wp-page\" data-elementor-id=\"71207\" class=\"elementor elementor-71207\" data-elementor-post-type=\"page\">\n\t\t\t\t<div class=\"elementor-element elementor-element-0a59c73 e-con-full e-flex e-con e-parent\" data-id=\"0a59c73\" data-element_type=\"container\" data-e-type=\"container\">\n\t\t\t\t<div class=\"elementor-element elementor-element-187567c elementor-widget__width-inherit elementor-widget elementor-widget-heading\" data-id=\"187567c\" data-element_type=\"widget\" data-e-type=\"widget\" data-widget_type=\"heading.default\">\n\t\t\t\t<div class=\"elementor-widget-container\">\n\t\t\t\t\t<p class=\"elementor-heading-title elementor-size-default\">The Kit\/Cini site accessible at the URL https:\/\/kitcini.com, is edited by:<\/p>\t\t\t\t<\/div>\n\t\t\t\t<\/div>\n\t\t\t\t<div class=\"elementor-element elementor-element-781908f elementor-widget elementor-widget-heading\" data-id=\"781908f\" data-element_type=\"widget\" data-e-type=\"widget\" data-widget_type=\"heading.default\">\n\t\t\t\t<div class=\"elementor-widget-container\">\n\t\t\t\t\t<h2 class=\"elementor-heading-title elementor-size-default\">Owner <\/h2>\t\t\t\t<\/div>\n\t\t\t\t<\/div>\n\t\t\t\t<div class=\"elementor-element elementor-element-f9dc928 elementor-widget elementor-widget-text-editor\" data-id=\"f9dc928\" data-element_type=\"widget\" data-e-type=\"widget\" data-widget_type=\"text-editor.default\">\n\t\t\t\t<div class=\"elementor-widget-container\">\n\t\t\t\t\t\t\t\t\t<p>Did\u2019s Design, 20 Chemin des Patini\u00e8res, 74100 V\u00e9traz-Monthoux, France<\/p><ul><li>Siret : 88838487200022<\/li><li>VAT intra: FR 88888384872<\/li><li>R.C.S. Thonon-les bains : 888 384 872<\/li><li>Email : contact@kitcini.fr<\/li><li>Phone : +33 (0)800 910 358 72<\/li><\/ul>\t\t\t\t\t\t\t\t<\/div>\n\t\t\t\t<\/div>\n\t\t\t\t<div class=\"elementor-element elementor-element-738f1a0 elementor-widget elementor-widget-heading\" data-id=\"738f1a0\" data-element_type=\"widget\" data-e-type=\"widget\" data-widget_type=\"heading.default\">\n\t\t\t\t<div class=\"elementor-widget-container\">\n\t\t\t\t\t<h2 class=\"elementor-heading-title elementor-size-default\">Publication manager<\/h2>\t\t\t\t<\/div>\n\t\t\t\t<\/div>\n\t\t\t\t<div class=\"elementor-element elementor-element-16bc5aa elementor-widget elementor-widget-text-editor\" data-id=\"16bc5aa\" data-element_type=\"widget\" data-e-type=\"widget\" data-widget_type=\"text-editor.default\">\n\t\t\t\t<div class=\"elementor-widget-container\">\n\t\t\t\t\t\t\t\t\t<p>Rosset Muryell<\/p>\t\t\t\t\t\t\t\t<\/div>\n\t\t\t\t<\/div>\n\t\t\t\t<div class=\"elementor-element elementor-element-5fa6080 elementor-widget elementor-widget-heading\" data-id=\"5fa6080\" data-element_type=\"widget\" data-e-type=\"widget\" data-widget_type=\"heading.default\">\n\t\t\t\t<div class=\"elementor-widget-container\">\n\t\t\t\t\t<h2 class=\"elementor-heading-title elementor-size-default\">Hosting<\/h2>\t\t\t\t<\/div>\n\t\t\t\t<\/div>\n\t\t\t\t<div class=\"elementor-element elementor-element-0dbb9df elementor-widget elementor-widget-text-editor\" data-id=\"0dbb9df\" data-element_type=\"widget\" data-e-type=\"widget\" data-widget_type=\"text-editor.default\">\n\t\t\t\t<div class=\"elementor-widget-container\">\n\t\t\t\t\t\t\t\t\t<p>OVH \u2013 2 rue Kellermann \u2013 59100 Roubaix \u2013 France<\/p>\t\t\t\t\t\t\t\t<\/div>\n\t\t\t\t<\/div>\n\t\t\t\t<div class=\"elementor-element elementor-element-ac9cc45 elementor-widget elementor-widget-heading\" data-id=\"ac9cc45\" data-element_type=\"widget\" data-e-type=\"widget\" data-widget_type=\"heading.default\">\n\t\t\t\t<div class=\"elementor-widget-container\">\n\t\t\t\t\t<h2 class=\"elementor-heading-title elementor-size-default\">Technical limitations<\/h2>\t\t\t\t<\/div>\n\t\t\t\t<\/div>\n\t\t\t\t<div class=\"elementor-element elementor-element-6a3c521 elementor-widget elementor-widget-text-editor\" data-id=\"6a3c521\" data-element_type=\"widget\" data-e-type=\"widget\" data-widget_type=\"text-editor.default\">\n\t\t\t\t<div class=\"elementor-widget-container\">\n\t\t\t\t\t\t\t\t\t<p>The website uses JavaScript technology.<\/p><p>The website cannot be held responsible for any material damage related to the use of the site. In addition, the user agrees to access the site using recent hardware, free of viruses and with a browser of last generation updated.<br \/>The website is hosted by a service provider in the European Union in accordance with the provisions of the General Data Protection Regulation (GDPR: no 2016-679).<\/p><p>The objective is to provide a service that ensures the best accessibility. The host ensures continuity of its service 24 hours a day, every day of the year. It reserves the right to interrupt the hosting service for as short a time as possible, especially for maintenance and improvement of its infrastructures, of failure of its infrastructure or if the Services generate traffic deemed abnormal.<\/p><p>Kit\/Cini and the host may not be held responsible in case of malfunction of the Internet network, telephone lines or computer equipment and telephony related to network congestion preventing access to the server.<\/p>\t\t\t\t\t\t\t\t<\/div>\n\t\t\t\t<\/div>\n\t\t\t\t<div class=\"elementor-element elementor-element-cc18877 elementor-widget elementor-widget-heading\" data-id=\"cc18877\" data-element_type=\"widget\" data-e-type=\"widget\" data-widget_type=\"heading.default\">\n\t\t\t\t<div class=\"elementor-widget-container\">\n\t\t\t\t\t<h2 class=\"elementor-heading-title elementor-size-default\">Intellectual property<\/h2>\t\t\t\t<\/div>\n\t\t\t\t<\/div>\n\t\t\t\t<div class=\"elementor-element elementor-element-ddc5d37 elementor-widget elementor-widget-text-editor\" data-id=\"ddc5d37\" data-element_type=\"widget\" data-e-type=\"widget\" data-widget_type=\"text-editor.default\">\n\t\t\t\t<div class=\"elementor-widget-container\">\n\t\t\t\t\t\t\t\t\t<p>Kit\/Cini is the sole owner (unless otherwise stated) of all content on the website.<\/p><p>This includes, but is not limited to, all text, files, images, animations, photographs, videos, logos, designs, models, brand name, visual identity, database, site structure and any other intellectual property elements or information that are protected by French and\/or international laws and regulations relating to intellectual property.<\/p><p>Therefore, no content of the website may be modified, reproduced, copied, duplicated, sold, transmitted, published, communicated, distributed, broadcast, represented, stored, used or exploited for free or for a fee.<\/p><p>However, a waiver can be requested by email at contact@kitcini.fr<\/p><p>Any unauthorized use of the site or any of the elements it contains will be considered as constituting a violation and prosecuted in accordance with the provisions of articles L.335-2 et seq of the Intellectual Property Code.<\/p><p>Image credits: Kit\/Cini<br \/>Icons credits: <a href=\"https:\/\/icomoon.io\/\" target=\"_blank\" rel=\"nofollow noopener\">Icomoon <\/a>| <a href=\"https:\/\/flaticon.com\/\" target=\"_blank\" rel=\"nofollow noopener\">Flaticon<\/a><\/p>\t\t\t\t\t\t\t\t<\/div>\n\t\t\t\t<\/div>\n\t\t\t\t<div class=\"elementor-element elementor-element-20c3e59 elementor-widget elementor-widget-heading\" data-id=\"20c3e59\" data-element_type=\"widget\" data-e-type=\"widget\" data-widget_type=\"heading.default\">\n\t\t\t\t<div class=\"elementor-widget-container\">\n\t\t\t\t\t<h2 class=\"elementor-heading-title elementor-size-default\">Applicable law and jurisdiction<\/h2>\t\t\t\t<\/div>\n\t\t\t\t<\/div>\n\t\t\t\t<div class=\"elementor-element elementor-element-a2dccbf elementor-widget elementor-widget-text-editor\" data-id=\"a2dccbf\" data-element_type=\"widget\" data-e-type=\"widget\" data-widget_type=\"text-editor.default\">\n\t\t\t\t<div class=\"elementor-widget-container\">\n\t\t\t\t\t\t\t\t\t<p>Any dispute in connection with the use of the Kit\/Cini site is subject to French law.<\/p><p>Except in cases where the law does not allow it, exclusive jurisdiction is conferred on the competent courts of Thonon-les-Bains.<\/p>\t\t\t\t\t\t\t\t<\/div>\n\t\t\t\t<\/div>\n\t\t\t\t<\/div>\n\t\t\t\t<\/div>","protected":false},"excerpt":{"rendered":"<p>Le site Kit\/Cini accessible \u00e0 l\u2019URL https:\/\/kitcini.com, est \u00e9dit\u00e9 par : Propri\u00e9taire Did\u2019s Design, 20 Chemin des Patini\u00e8res, 74100 V\u00e9traz-Monthoux, France Siret : 88838487200022 TVA intra : FR 88888384872 R.C.S. Thonon-les bains : 888 384 872 Email : contact@kitcini.fr T\u00e9l : 0800 910 358 72 Responsable de publication Rosset Muryell H\u00e9bergement OVH \u2013 2 rue [&hellip;]<\/p>\n","protected":false},"author":1,"featured_media":0,"parent":0,"menu_order":0,"comment_status":"closed","ping_status":"closed","template":"","meta":{"_acf_changed":false,"_seopress_robots_primary_cat":"","_seopress_titles_title":"","_seopress_titles_desc":"","_seopress_robots_index":"yes","footnotes":""},"class_list":["post-71207","page","type-page","status-publish"],"acf":[],"_links":{"self":[{"href":"https:\/\/kitcini.com\/en\/wp-json\/wp\/v2\/pages\/71207","targetHints":{"allow":["GET"]}}],"collection":[{"href":"https:\/\/kitcini.com\/en\/wp-json\/wp\/v2\/pages"}],"about":[{"href":"https:\/\/kitcini.com\/en\/wp-json\/wp\/v2\/types\/page"}],"author":[{"embeddable":true,"href":"https:\/\/kitcini.com\/en\/wp-json\/wp\/v2\/users\/1"}],"replies":[{"embeddable":true,"href":"https:\/\/kitcini.com\/en\/wp-json\/wp\/v2\/comments?post=71207"}],"version-history":[{"count":2,"href":"https:\/\/kitcini.com\/en\/wp-json\/wp\/v2\/pages\/71207\/revisions"}],"predecessor-version":[{"id":362849,"href":"https:\/\/kitcini.com\/en\/wp-json\/wp\/v2\/pages\/71207\/revisions\/362849"}],"wp:attachment":[{"href":"https:\/\/kitcini.com\/en\/wp-json\/wp\/v2\/media?parent=71207"}],"curies":[{"name":"wp","href":"https:\/\/api.w.org\/{rel}","templated":true}]}}