{"id":15,"date":"2023-11-16T17:31:57","date_gmt":"2023-11-16T16:31:57","guid":{"rendered":"http:\/\/kitcini.com\/?page_id=15"},"modified":"2024-09-26T10:40:07","modified_gmt":"2024-09-26T08:40:07","slug":"a-propos-de-nous","status":"publish","type":"page","link":"https:\/\/kitcini.com\/en\/a-propos-de-nous\/","title":{"rendered":"About us"},"content":{"rendered":"<div data-elementor-type=\"wp-page\" data-elementor-id=\"15\" class=\"elementor elementor-15\" data-elementor-post-type=\"page\">\n\t\t\t\t<div class=\"elementor-element elementor-element-68f3ac7 e-con-full e-flex e-con e-parent\" data-id=\"68f3ac7\" data-element_type=\"container\" data-e-type=\"container\" data-settings=\"{&quot;background_background&quot;:&quot;classic&quot;}\">\n\t\t\t\t<div class=\"elementor-element elementor-element-f75a255 elementor-widget elementor-widget-spacer\" data-id=\"f75a255\" data-element_type=\"widget\" data-e-type=\"widget\" data-widget_type=\"spacer.default\">\n\t\t\t\t<div class=\"elementor-widget-container\">\n\t\t\t\t\t\t\t<div class=\"elementor-spacer\">\n\t\t\t<div class=\"elementor-spacer-inner\"><\/div>\n\t\t<\/div>\n\t\t\t\t\t\t<\/div>\n\t\t\t\t<\/div>\n\t\t\t\t<\/div>\n\t\t<div class=\"elementor-element elementor-element-93f53c3 e-flex e-con-boxed e-con e-parent\" data-id=\"93f53c3\" data-element_type=\"container\" data-e-type=\"container\">\n\t\t\t\t\t<div class=\"e-con-inner\">\n\t\t\t\t<div class=\"elementor-element elementor-element-a065105 elementor-widget elementor-widget-heading\" data-id=\"a065105\" data-element_type=\"widget\" data-e-type=\"widget\" data-widget_type=\"heading.default\">\n\t\t\t\t<div class=\"elementor-widget-container\">\n\t\t\t\t\t<h1 class=\"elementor-heading-title elementor-size-default\">Maison Kit\/Cini<\/h1>\t\t\t\t<\/div>\n\t\t\t\t<\/div>\n\t\t\t\t<div class=\"elementor-element elementor-element-e1c01cd elementor-widget elementor-widget-heading\" data-id=\"e1c01cd\" data-element_type=\"widget\" data-e-type=\"widget\" data-widget_type=\"heading.default\">\n\t\t\t\t<div class=\"elementor-widget-container\">\n\t\t\t\t\t<span class=\"elementor-heading-title elementor-size-default\">\" An Emotional Journey to the Discovery of a Forgotten Treasure \"<\/span>\t\t\t\t<\/div>\n\t\t\t\t<\/div>\n\t\t\t\t<div class=\"elementor-element elementor-element-72d6ade elementor-widget__width-initial elementor-widget elementor-widget-text-editor\" data-id=\"72d6ade\" data-element_type=\"widget\" data-e-type=\"widget\" data-widget_type=\"text-editor.default\">\n\t\t\t\t<div class=\"elementor-widget-container\">\n\t\t\t\t\t\t\t\t\t<p>Maison KIT\/CINI, an eminent creative workshop, reinvents the art of Haute Amande, redefining the very essence of craftsmanship to offer a singular exploration, rich in emotions and sensations. Excellence, innovation and meticulous attention to detail are the pillars that inspire and guide our dedicated teams.<\/p>\t\t\t\t\t\t\t\t<\/div>\n\t\t\t\t<\/div>\n\t\t\t\t\t<\/div>\n\t\t\t\t<\/div>\n\t\t<div class=\"elementor-element elementor-element-2371a572 e-con-full e-flex e-con e-parent\" data-id=\"2371a572\" data-element_type=\"container\" data-e-type=\"container\">\n\t\t<div class=\"elementor-element elementor-element-1df5bb1b e-con-full e-flex e-con e-child\" data-id=\"1df5bb1b\" data-element_type=\"container\" data-e-type=\"container\">\n\t\t\t\t<div class=\"elementor-element elementor-element-5c733044 elementor-widget elementor-widget-heading\" data-id=\"5c733044\" data-element_type=\"widget\" data-e-type=\"widget\" data-widget_type=\"heading.default\">\n\t\t\t\t<div class=\"elementor-widget-container\">\n\t\t\t\t\t<h2 class=\"elementor-heading-title elementor-size-default\">The sweet h\u00e9ritage\n<br>\n<span style=\"color:#860606\">OF KIT\/CINI<\/span><\/h2>\t\t\t\t<\/div>\n\t\t\t\t<\/div>\n\t\t\t\t<div class=\"elementor-element elementor-element-2fd4f45 elementor-widget elementor-widget-text-editor\" data-id=\"2fd4f45\" data-element_type=\"widget\" data-e-type=\"widget\" data-widget_type=\"text-editor.default\">\n\t\t\t\t<div class=\"elementor-widget-container\">\n\t\t\t\t\t\t\t\t\t<p>KIT\/CINI was born in 2019 from a fusion between a burning passion for gastronomy and the aspiration to share the essence of authenticity. Through the childhood memories and family heritage of the founder, a simple almond becomes an unparalleled delicacy.<\/p><p>The Badame from Maison KIT\/CINI is not just a snack, it\u2019s a dish that speaks to the heart, a touch of sweetness and crunch that enhances every moment of conviviality.<\/p>\t\t\t\t\t\t\t\t<\/div>\n\t\t\t\t<\/div>\n\t\t\t\t<\/div>\n\t\t<div class=\"elementor-element elementor-element-9e3156d e-con-full e-flex e-con e-child\" data-id=\"9e3156d\" data-element_type=\"container\" data-e-type=\"container\">\n\t\t\t\t<div class=\"elementor-element elementor-element-ceea9cd elementor-widget elementor-widget-heading\" data-id=\"ceea9cd\" data-element_type=\"widget\" data-e-type=\"widget\" data-widget_type=\"heading.default\">\n\t\t\t\t<div class=\"elementor-widget-container\">\n\t\t\t\t\t<h2 class=\"elementor-heading-title elementor-size-default\">A name\n<br>\n<span style=\"color:#860606\">A journey<\/span><\/h2>\t\t\t\t<\/div>\n\t\t\t\t<\/div>\n\t\t\t\t<div class=\"elementor-element elementor-element-e4557b6 elementor-widget elementor-widget-text-editor\" data-id=\"e4557b6\" data-element_type=\"widget\" data-e-type=\"widget\" data-widget_type=\"text-editor.default\">\n\t\t\t\t<div class=\"elementor-widget-container\">\n\t\t\t\t\t\t\t\t\t<p>Haute Amande is an echo of tradition and a vibrant tribute to the My\u00e8n\u00e8 language, the heart of its creator\u2019s culture. Choosing this name means celebrating each recipe as a work of art, an act of sharing, and anchoring the brand in a heritage of culinary finesse.<\/p><p>The Badame, beyond its taste, is a return ticket to precious memories, to an African coast where nature composes the most beautiful of symphonies.<\/p>\t\t\t\t\t\t\t\t<\/div>\n\t\t\t\t<\/div>\n\t\t\t\t<\/div>\n\t\t\t\t<\/div>\n\t\t<div class=\"elementor-element elementor-element-8c11be1 e-con-full e-flex e-con e-parent\" data-id=\"8c11be1\" data-element_type=\"container\" data-e-type=\"container\">\n\t\t<div class=\"elementor-element elementor-element-6886987 e-con-full e-flex e-con e-child\" data-id=\"6886987\" data-element_type=\"container\" data-e-type=\"container\">\n\t\t\t\t<div class=\"elementor-element elementor-element-e3cc3cf elementor-widget elementor-widget-heading\" data-id=\"e3cc3cf\" data-element_type=\"widget\" data-e-type=\"widget\" data-widget_type=\"heading.default\">\n\t\t\t\t<div class=\"elementor-widget-container\">\n\t\t\t\t\t<h2 class=\"elementor-heading-title elementor-size-default\">The exclusivity<br>\n<span style=\"color:#860606\">of the land<\/span><\/h2>\t\t\t\t<\/div>\n\t\t\t\t<\/div>\n\t\t\t\t<div class=\"elementor-element elementor-element-b33b327 elementor-widget elementor-widget-text-editor\" data-id=\"b33b327\" data-element_type=\"widget\" data-e-type=\"widget\" data-widget_type=\"text-editor.default\">\n\t\t\t\t<div class=\"elementor-widget-container\">\n\t\t\t\t\t\t\t\t\t<p>In the heart of Gabon, among ancient stories and traditions, KIT\/CINI elevates the Haute Amande to the status of cultural ambassador. Badames are treasures of the earth, gathered with devotion and reflecting an ancestral heritage.<\/p><p>Our quest for exclusivity drives us to limit our production, ensuring that each Badame remains a culinary jewel, a taste experience in itself, full of authenticity and pure sensations.<\/p>\t\t\t\t\t\t\t\t<\/div>\n\t\t\t\t<\/div>\n\t\t\t\t<\/div>\n\t\t<div class=\"elementor-element elementor-element-5832230 e-con-full e-flex e-con e-child\" data-id=\"5832230\" data-element_type=\"container\" data-e-type=\"container\">\n\t\t\t\t<div class=\"elementor-element elementor-element-a2678ae elementor-widget elementor-widget-heading\" data-id=\"a2678ae\" data-element_type=\"widget\" data-e-type=\"widget\" data-widget_type=\"heading.default\">\n\t\t\t\t<div class=\"elementor-widget-container\">\n\t\t\t\t\t<h2 class=\"elementor-heading-title elementor-size-default\">The promise of\n<br>\n<span style=\"color:#860606\">MAISON KIT\/CINI<\/span><\/h2>\t\t\t\t<\/div>\n\t\t\t\t<\/div>\n\t\t\t\t<div class=\"elementor-element elementor-element-f4b5cc1 elementor-widget elementor-widget-text-editor\" data-id=\"f4b5cc1\" data-element_type=\"widget\" data-e-type=\"widget\" data-widget_type=\"text-editor.default\">\n\t\t\t\t<div class=\"elementor-widget-container\">\n\t\t\t\t\t\t\t\t\t<p>KIT\/CINI transcends the notion of luxury to offer a temporal and sensory journey, where each Badame is the fruit of exceptional craftsmanship. The taste journey that we offer is a slow process of refinement, an expectation that turns into a burst of flavors, a revelation with each tasting.<\/p><p>Joining KIT\/CINI is to savor quality, it is to engage in a dream where the awakening of the senses celebrates renewed luxury and a promise of uninterrupted discovery. Welcome to our dream, welcome to the enchanted reality of KIT\/CINI.<\/p>\t\t\t\t\t\t\t\t<\/div>\n\t\t\t\t<\/div>\n\t\t\t\t<\/div>\n\t\t\t\t<\/div>\n\t\t<div class=\"elementor-element elementor-element-03dae55 e-con-full e-flex e-con e-parent\" data-id=\"03dae55\" data-element_type=\"container\" data-e-type=\"container\" data-settings=\"{&quot;background_background&quot;:&quot;classic&quot;}\">\n\t\t<div class=\"elementor-element elementor-element-1d8af69 e-con-full e-flex e-con e-child\" data-id=\"1d8af69\" data-element_type=\"container\" data-e-type=\"container\" data-settings=\"{&quot;background_background&quot;:&quot;classic&quot;}\">\n\t\t\t\t<div class=\"elementor-element elementor-element-c58c161 elementor-widget elementor-widget-heading\" data-id=\"c58c161\" data-element_type=\"widget\" data-e-type=\"widget\" data-widget_type=\"heading.default\">\n\t\t\t\t<div class=\"elementor-widget-container\">\n\t\t\t\t\t<h2 class=\"elementor-heading-title elementor-size-default\">Prince Aho's tears :\n<br>\n<span style=\"color:#860606\">An Immortal Passion Rooted in the BADAME<\/span><\/h2>\t\t\t\t<\/div>\n\t\t\t\t<\/div>\n\t\t\t\t<div class=\"elementor-element elementor-element-b21393b elementor-widget elementor-widget-text-editor\" data-id=\"b21393b\" data-element_type=\"widget\" data-e-type=\"widget\" data-widget_type=\"text-editor.default\">\n\t\t\t\t<div class=\"elementor-widget-container\">\n\t\t\t\t\t\t\t\t\t<p>In African wakes, where nostalgia dances with the stars, a spellbinding story is often told. It\u2019s the tale of the Badamier, a legendary tree whose almonds are a treasure for children. Our story begins in the 17th century, in the majestic Kingdom of Dahomey. There, the young prince Aho, madly in love with the daughter of a rich Tuareg, defies ancestral traditions. At a time when marriages were arranged, Aho\u2019s love for the beautiful M\u00e9r\u00f4n drives him to defy the established order.<\/p><p>At sunrise, Aho sets out on a journey to find a unique gift, a symbol of his undying love. His quest takes him to the heart of Africa, to a mystical forest home to the Badamier, an enchanted tree whose fruit is offered only to the one who solves the riddle of the three-layered almond. After seven days of intense reflection, Aho triumphs, discovering that the emotion hidden after fear, which gives two veils of love, is none other than courage.<\/p><p>However, her return is marked by sadness. M\u00e9r\u00f4n, his love, has married another. Devastated, Aho throws the fruit of his love into the sea, which is said to be the source of the iodized taste of Badamier almonds. This desperate gesture symbolizes eternal love, explaining why the badamier tree thrives in Africa\u2019s forests and seashores alike.<\/p><p>This poignant legend has come down to us through the centuries thanks to KIT\/CINI, inviting us on an extraordinary journey to the heart of the earth\u2019s mysteries. Each Badame almond is a key to the ancient secrets of the forest. To taste this exquisite almond is to find the courage to rediscover yourself, to embrace your true essence, lulled by woody, bewitching aromas.<\/p><p>Each bite is a hymn to love, a membership in a circle of warriors striving for excellence, bearers of a heritage of strength and nobility. KIT\/CINI\u2019s Badame is more than just a food; it\u2019s a distinction, a symbol of elevation, once reserved for those in search of ideals. Tasting it is a purely emotional experience, resonating elegantly in the hearts of distinguished epicureans.<\/p><p>Thus continues the story of Prince Aho and his lost love, teaching through the ages that true love, like the Badamier almond, is at once sweet, bitter and eternally memorable.<\/p>\t\t\t\t\t\t\t\t<\/div>\n\t\t\t\t<\/div>\n\t\t\t\t<\/div>\n\t\t\t\t<\/div>\n\t\t<div class=\"elementor-element elementor-element-43ef5373 e-con-full e-flex e-con e-parent\" data-id=\"43ef5373\" data-element_type=\"container\" data-e-type=\"container\">\n\t\t\t\t<div class=\"elementor-element elementor-element-525ae58 elementor-widget__width-inherit elementor-widget elementor-widget-heading\" data-id=\"525ae58\" data-element_type=\"widget\" data-e-type=\"widget\" data-widget_type=\"heading.default\">\n\t\t\t\t<div class=\"elementor-widget-container\">\n\t\t\t\t\t<h2 class=\"elementor-heading-title elementor-size-default\">Our values<\/h2>\t\t\t\t<\/div>\n\t\t\t\t<\/div>\n\t\t<div class=\"elementor-element elementor-element-f2f7fe7 e-con-full e-flex e-con e-child\" data-id=\"f2f7fe7\" data-element_type=\"container\" data-e-type=\"container\">\n\t\t<div class=\"elementor-element elementor-element-48a27701 e-con-full e-flex e-con e-child\" data-id=\"48a27701\" data-element_type=\"container\" data-e-type=\"container\">\n\t\t\t\t<div class=\"elementor-element elementor-element-41baff8a elementor-widget elementor-widget-heading\" data-id=\"41baff8a\" data-element_type=\"widget\" data-e-type=\"widget\" data-widget_type=\"heading.default\">\n\t\t\t\t<div class=\"elementor-widget-container\">\n\t\t\t\t\t<h3 class=\"elementor-heading-title elementor-size-default\">craftmanship<\/h3>\t\t\t\t<\/div>\n\t\t\t\t<\/div>\n\t\t\t\t<div class=\"elementor-element elementor-element-4e8f4e39 elementor-widget elementor-widget-text-editor\" data-id=\"4e8f4e39\" data-element_type=\"widget\" data-e-type=\"widget\" data-widget_type=\"text-editor.default\">\n\t\t\t\t<div class=\"elementor-widget-container\">\n\t\t\t\t\t\t\t\t\t<p>The brand stands out in a fundamental way, from the creative sketch to the elegant final presentation of each product.<\/p><p>Maison KIT\/CINI\u2019s inspiration comes from the senses \u2013 a captivating fragrance, an exquisite ingredient, the essence of a faraway land, or the echo of a memorable encounter \u2013 resulting in tasty, unique collections for every season.<\/p>\t\t\t\t\t\t\t\t<\/div>\n\t\t\t\t<\/div>\n\t\t\t\t<\/div>\n\t\t<div class=\"elementor-element elementor-element-3fb0929f e-con-full e-flex e-con e-child\" data-id=\"3fb0929f\" data-element_type=\"container\" data-e-type=\"container\" data-settings=\"{&quot;background_background&quot;:&quot;classic&quot;}\">\n\t\t\t\t<div class=\"elementor-element elementor-element-09bfc02 elementor-widget elementor-widget-spacer\" data-id=\"09bfc02\" data-element_type=\"widget\" data-e-type=\"widget\" data-widget_type=\"spacer.default\">\n\t\t\t\t<div class=\"elementor-widget-container\">\n\t\t\t\t\t\t\t<div class=\"elementor-spacer\">\n\t\t\t<div class=\"elementor-spacer-inner\"><\/div>\n\t\t<\/div>\n\t\t\t\t\t\t<\/div>\n\t\t\t\t<\/div>\n\t\t\t\t<\/div>\n\t\t\t\t<\/div>\n\t\t<div class=\"elementor-element elementor-element-ed123a4 e-con-full e-flex e-con e-child\" data-id=\"ed123a4\" data-element_type=\"container\" data-e-type=\"container\">\n\t\t<div class=\"elementor-element elementor-element-a8f9f21 e-con-full e-flex e-con e-child\" data-id=\"a8f9f21\" data-element_type=\"container\" data-e-type=\"container\" data-settings=\"{&quot;background_background&quot;:&quot;classic&quot;}\">\n\t\t\t\t<div class=\"elementor-element elementor-element-1bfeb0f elementor-widget elementor-widget-spacer\" data-id=\"1bfeb0f\" data-element_type=\"widget\" data-e-type=\"widget\" data-widget_type=\"spacer.default\">\n\t\t\t\t<div class=\"elementor-widget-container\">\n\t\t\t\t\t\t\t<div class=\"elementor-spacer\">\n\t\t\t<div class=\"elementor-spacer-inner\"><\/div>\n\t\t<\/div>\n\t\t\t\t\t\t<\/div>\n\t\t\t\t<\/div>\n\t\t\t\t<\/div>\n\t\t<div class=\"elementor-element elementor-element-6befdff e-con-full e-flex e-con e-child\" data-id=\"6befdff\" data-element_type=\"container\" data-e-type=\"container\">\n\t\t\t\t<div class=\"elementor-element elementor-element-d586738 elementor-widget elementor-widget-heading\" data-id=\"d586738\" data-element_type=\"widget\" data-e-type=\"widget\" data-widget_type=\"heading.default\">\n\t\t\t\t<div class=\"elementor-widget-container\">\n\t\t\t\t\t<h3 class=\"elementor-heading-title elementor-size-default\">Excellence<\/h3>\t\t\t\t<\/div>\n\t\t\t\t<\/div>\n\t\t\t\t<div class=\"elementor-element elementor-element-612683b elementor-widget elementor-widget-text-editor\" data-id=\"612683b\" data-element_type=\"widget\" data-e-type=\"widget\" data-widget_type=\"text-editor.default\">\n\t\t\t\t<div class=\"elementor-widget-container\">\n\t\t\t\t\t\t\t\t\t<p>In the world of our Maison, elegance lies in the meticulousness and excellence of every detail: from the meticulous selection of fresh, top-of-the-range ingredients, to the precise mastery and rigorous training in manufacturing techniques. We pay particular attention to service and the establishment of a harmonious, refined relationship with our customers.<\/p><p>For each collection, our House is committed to selecting the finest ingredients, with the constant aim of offering you an unforgettable taste experience, rich in flavors, sensations and emotions.<\/p>\t\t\t\t\t\t\t\t<\/div>\n\t\t\t\t<\/div>\n\t\t\t\t<\/div>\n\t\t\t\t<\/div>\n\t\t<div class=\"elementor-element elementor-element-3c65e10 e-con-full e-flex e-con e-child\" data-id=\"3c65e10\" data-element_type=\"container\" data-e-type=\"container\">\n\t\t<div class=\"elementor-element elementor-element-bd556fa e-con-full e-flex e-con e-child\" data-id=\"bd556fa\" data-element_type=\"container\" data-e-type=\"container\">\n\t\t\t\t<div class=\"elementor-element elementor-element-28efaf9 elementor-widget elementor-widget-heading\" data-id=\"28efaf9\" data-element_type=\"widget\" data-e-type=\"widget\" data-widget_type=\"heading.default\">\n\t\t\t\t<div class=\"elementor-widget-container\">\n\t\t\t\t\t<h3 class=\"elementor-heading-title elementor-size-default\">Precision<\/h3>\t\t\t\t<\/div>\n\t\t\t\t<\/div>\n\t\t\t\t<div class=\"elementor-element elementor-element-0ee4413 elementor-widget elementor-widget-text-editor\" data-id=\"0ee4413\" data-element_type=\"widget\" data-e-type=\"widget\" data-widget_type=\"text-editor.default\">\n\t\t\t\t<div class=\"elementor-widget-container\">\n\t\t\t\t\t\t\t\t\t<p>We are committed to meticulous attention in all our interactions and communications, whether with our customers or internally.<\/p><p>Our daily objective is to analyse and constantly improve the effectiveness and relevance of our actions, always in a spirit of excellence and refinement.<\/p>\t\t\t\t\t\t\t\t<\/div>\n\t\t\t\t<\/div>\n\t\t\t\t<\/div>\n\t\t<div class=\"elementor-element elementor-element-68e2764 e-con-full e-flex e-con e-child\" data-id=\"68e2764\" data-element_type=\"container\" data-e-type=\"container\" data-settings=\"{&quot;background_background&quot;:&quot;classic&quot;}\">\n\t\t\t\t<div class=\"elementor-element elementor-element-fa31da5 elementor-widget elementor-widget-spacer\" data-id=\"fa31da5\" data-element_type=\"widget\" data-e-type=\"widget\" data-widget_type=\"spacer.default\">\n\t\t\t\t<div class=\"elementor-widget-container\">\n\t\t\t\t\t\t\t<div class=\"elementor-spacer\">\n\t\t\t<div class=\"elementor-spacer-inner\"><\/div>\n\t\t<\/div>\n\t\t\t\t\t\t<\/div>\n\t\t\t\t<\/div>\n\t\t\t\t<\/div>\n\t\t\t\t<\/div>\n\t\t<div class=\"elementor-element elementor-element-7adf8e3 e-con-full e-flex e-con e-child\" data-id=\"7adf8e3\" data-element_type=\"container\" data-e-type=\"container\">\n\t\t<div class=\"elementor-element elementor-element-c750377 e-con-full e-flex e-con e-child\" data-id=\"c750377\" data-element_type=\"container\" data-e-type=\"container\" data-settings=\"{&quot;background_background&quot;:&quot;classic&quot;}\">\n\t\t\t\t<div class=\"elementor-element elementor-element-bd814b2 elementor-widget elementor-widget-spacer\" data-id=\"bd814b2\" data-element_type=\"widget\" data-e-type=\"widget\" data-widget_type=\"spacer.default\">\n\t\t\t\t<div class=\"elementor-widget-container\">\n\t\t\t\t\t\t\t<div class=\"elementor-spacer\">\n\t\t\t<div class=\"elementor-spacer-inner\"><\/div>\n\t\t<\/div>\n\t\t\t\t\t\t<\/div>\n\t\t\t\t<\/div>\n\t\t\t\t<\/div>\n\t\t<div class=\"elementor-element elementor-element-1699d4d e-con-full e-flex e-con e-child\" data-id=\"1699d4d\" data-element_type=\"container\" data-e-type=\"container\">\n\t\t\t\t<div class=\"elementor-element elementor-element-f8ec365 elementor-widget elementor-widget-heading\" data-id=\"f8ec365\" data-element_type=\"widget\" data-e-type=\"widget\" data-widget_type=\"heading.default\">\n\t\t\t\t<div class=\"elementor-widget-container\">\n\t\t\t\t\t<h3 class=\"elementor-heading-title elementor-size-default\">THE QUEST FOR EXCLUSIVITY<\/h3>\t\t\t\t<\/div>\n\t\t\t\t<\/div>\n\t\t\t\t<div class=\"elementor-element elementor-element-eda9d80 elementor-widget elementor-widget-text-editor\" data-id=\"eda9d80\" data-element_type=\"widget\" data-e-type=\"widget\" data-widget_type=\"text-editor.default\">\n\t\t\t\t<div class=\"elementor-widget-container\">\n\t\t\t\t\t\t\t\t\t<p>In the quest for exclusivity, KIT\/CINI elevates the sale of badame to an art form, offering a unique experience where each almond becomes a celebration of refinement. Each badame bean offered by KIT\/CINI is carefully selected, demonstrating our unwavering commitment to exclusivity and superior quality.<\/p><p>At KIT\/CINI, badame is not just a product, it is the symbol of a rare and sought-after luxury, an invitation to savour the exceptional.<\/p>\t\t\t\t\t\t\t\t<\/div>\n\t\t\t\t<\/div>\n\t\t\t\t<\/div>\n\t\t\t\t<\/div>\n\t\t\t\t<\/div>\n\t\t<div class=\"elementor-element elementor-element-49e4936 e-flex e-con-boxed e-con e-parent\" data-id=\"49e4936\" data-element_type=\"container\" data-e-type=\"container\">\n\t\t\t\t\t<div class=\"e-con-inner\">\n\t\t\t\t<div class=\"elementor-element elementor-element-c6bf85e elementor-widget__width-inherit elementor-widget elementor-widget-heading\" data-id=\"c6bf85e\" data-element_type=\"widget\" data-e-type=\"widget\" data-widget_type=\"heading.default\">\n\t\t\t\t<div class=\"elementor-widget-container\">\n\t\t\t\t\t<h2 class=\"elementor-heading-title elementor-size-default\">Maison Kit\/Cini<\/h2>\t\t\t\t<\/div>\n\t\t\t\t<\/div>\n\t\t\t\t<div class=\"elementor-element elementor-element-de39540 elementor-widget elementor-widget-heading\" data-id=\"de39540\" data-element_type=\"widget\" data-e-type=\"widget\" data-widget_type=\"heading.default\">\n\t\t\t\t<div class=\"elementor-widget-container\">\n\t\t\t\t\t<span class=\"elementor-heading-title elementor-size-default\">\" An Emotional Journey to the Discovery of a Forgotten Treasure \"<\/span>\t\t\t\t<\/div>\n\t\t\t\t<\/div>\n\t\t\t\t<div class=\"elementor-element elementor-element-3181e81 elementor-widget__width-initial elementor-widget elementor-widget-text-editor\" data-id=\"3181e81\" data-element_type=\"widget\" data-e-type=\"widget\" data-widget_type=\"text-editor.default\">\n\t\t\t\t<div class=\"elementor-widget-container\">\n\t\t\t\t\t\t\t\t\t<p>KIT\/CINI, an avant-garde creative workshop, currently stands out as the sole creator of the Badame with its varied essences. Driven by a passion for pleasure, our company is revolutionising the art of selling almonds, offering a unique experience full of emotions and sensations.<\/p><p>Exceptional quality, constant innovation and attention to detail are the foundations on which each and every one of our employees builds. Immerse yourself in the enchanting world of KIT\/CINI.<\/p>\t\t\t\t\t\t\t\t<\/div>\n\t\t\t\t<\/div>\n\t\t\t\t<div class=\"elementor-element elementor-element-ffde2a5 elementor-widget elementor-widget-button\" data-id=\"ffde2a5\" data-element_type=\"widget\" data-e-type=\"widget\" data-widget_type=\"button.default\">\n\t\t\t\t<div class=\"elementor-widget-container\">\n\t\t\t\t\t\t\t\t\t<div class=\"elementor-button-wrapper\">\n\t\t\t\t\t<a class=\"elementor-button elementor-button-link elementor-size-sm\" href=\"https:\/\/kitcini.com\/en\/boutique\/\">\n\t\t\t\t\t\t<span class=\"elementor-button-content-wrapper\">\n\t\t\t\t\t\t\t\t\t<span class=\"elementor-button-text\">Discover our badames<\/span>\n\t\t\t\t\t<\/span>\n\t\t\t\t\t<\/a>\n\t\t\t\t<\/div>\n\t\t\t\t\t\t\t\t<\/div>\n\t\t\t\t<\/div>\n\t\t\t\t\t<\/div>\n\t\t\t\t<\/div>\n\t\t\t\t<\/div>","protected":false},"excerpt":{"rendered":"<p>LA MAISON KIT\/CINI \u00a0\u00bb Un voyage \u00e9motionnel \u00e0 la d\u00e9couverte d\u2019un tr\u00e9sor oubli\u00e9 \u00a0\u00bb La Maison KIT\/CINI, \u00e9minent atelier de cr\u00e9ation, r\u00e9invente l\u2019art de la Haute Amande, red\u00e9finissant l\u2019essence m\u00eame de l\u2019artisanat pour proposer une exploration singuli\u00e8re, riche en \u00e9motions et en sensations. L\u2019excellence, l\u2019innovation et le souci du d\u00e9tail sont les piliers qui inspirent [&hellip;]<\/p>\n","protected":false},"author":1,"featured_media":0,"parent":0,"menu_order":0,"comment_status":"closed","ping_status":"closed","template":"","meta":{"_acf_changed":false,"_seopress_robots_primary_cat":"","_seopress_titles_title":"La Maison Kit\/Cini","_seopress_titles_desc":"La Maison KIT\/CINI, \u00e9minent atelier de cr\u00e9ation, r\u00e9invente l\u2019art de la Haute Amande, red\u00e9finissant l\u2019essence m\u00eame de l\u2019artisanat pour offrir une exploration singuli\u00e8re, riche en \u00e9motions et sensations.","_seopress_robots_index":"","footnotes":""},"class_list":["post-15","page","type-page","status-publish"],"acf":[],"_links":{"self":[{"href":"https:\/\/kitcini.com\/en\/wp-json\/wp\/v2\/pages\/15","targetHints":{"allow":["GET"]}}],"collection":[{"href":"https:\/\/kitcini.com\/en\/wp-json\/wp\/v2\/pages"}],"about":[{"href":"https:\/\/kitcini.com\/en\/wp-json\/wp\/v2\/types\/page"}],"author":[{"embeddable":true,"href":"https:\/\/kitcini.com\/en\/wp-json\/wp\/v2\/users\/1"}],"replies":[{"embeddable":true,"href":"https:\/\/kitcini.com\/en\/wp-json\/wp\/v2\/comments?post=15"}],"version-history":[{"count":2,"href":"https:\/\/kitcini.com\/en\/wp-json\/wp\/v2\/pages\/15\/revisions"}],"predecessor-version":[{"id":362557,"href":"https:\/\/kitcini.com\/en\/wp-json\/wp\/v2\/pages\/15\/revisions\/362557"}],"wp:attachment":[{"href":"https:\/\/kitcini.com\/en\/wp-json\/wp\/v2\/media?parent=15"}],"curies":[{"name":"wp","href":"https:\/\/api.w.org\/{rel}","templated":true}]}}